{"id":1674,"date":"2024-03-21T12:09:16","date_gmt":"2024-03-21T12:09:16","guid":{"rendered":"https:\/\/obypay.pavelcorp.com\/?page_id=1674"},"modified":"2025-10-08T13:34:07","modified_gmt":"2025-10-08T13:34:07","slug":"cgu","status":"publish","type":"page","link":"https:\/\/obypay.com\/it\/condizioni-generali-di-utilizzo\/","title":{"rendered":"TERMINI E CONDIZIONI D'USO (CGU)"},"content":{"rendered":"<h2 class=\"wp-block-heading\">1.APPLICABILIT\u00c0 DELLA GGU<\/h2>\n\n\n\n<p>Le presenti Condizioni Generali di Utilizzo si applicano a qualsiasi persona fisica o giuridica che acceda al sito internet 2BEVENTS, acceda ai suoi servizi cos\u00ec come definiti di seguito, completino le Condizioni Generali di Abbonamento che compaiono sul sito e abbiano valore contrattuale nei confronti di ogni Utente, e questo indipendentemente dal luogo di domicilio dell'Utente. Il sito internet appartiene a 2BEVENTS, la cui identit\u00e0 giuridica \u00e8 indicata di seguito.<\/p>\n\n\n\n<h2 class=\"wp-block-heading\">2.DESCRIZIONE DEL SERVIZIO<\/h2>\n\n\n\n<p>Il Servizio consiste principalmente nell'accesso a uno spazio sul Sito 2BEVENTS, la cui struttura, disposizione e organizzazione \u00e8 appositamente dedicata ai clienti, consentendo loro di commercializzare i propri prodotti e servizi a distanza ai consumatori tramite supporti appositamente dedicati o applicazioni per smartphone che consentono ai consumatori di connettersi. I clienti e i consumatori sono di seguito denominati \"Utenti\".<br>Accedendo al Servizio, tutti gli Utenti, indipendentemente dal loro status, dichiarano di aver letto le presenti Condizioni Generali d'Uso (di seguito denominate CGU), di averne compreso la portata e di accettarle. In qualit\u00e0 di Utente cliente, l'Utente dichiara inoltre di aver letto e accettato le Condizioni Generali di Abbonamento.<\/p>\n\n\n\n<h2 class=\"wp-block-heading\">3.DEFINIZIONI<\/h2>\n\n\n\n<p>Sito Internet: indica il sito Internet di 2BEVENTS.<br>Fornitore: la societ\u00e0 2BEVENTS, SAS con capitale di 161.512 euro, con sede legale al 528 rue des Pr\u00e9s Paris, 74970 MARIGNIER e registrata presso l'RCS di ANNECY con il numero 819 547 324.<br>Utenti: tutte le persone fisiche o giuridiche che accedono al sito 2BEVENTS e che desiderano scoprire e\/o accedere al Servizio in qualit\u00e0 di clienti o consumatori. Clienti: gli utenti professionali del Servizio che commercializzano prodotti e\/o servizi attraverso il Servizio e il Sito, possono essere persone fisiche a titolo personale o persone giuridiche.<br>Consumatori: utenti persone fisiche o giuridiche che desiderano acquistare prodotti e\/o servizi commercializzati tramite il Servizio e il Sito,<\/p>\n\n\n\n<h2 class=\"wp-block-heading\">4.AMBITO DEI SERVIZI<\/h2>\n\n\n\n<p>Attraverso il Sito web, 2BEVENTS fornisce un Servizio di prenotazione e acquisto online e di conseguenza fornisce un servizio di intermediazione tra i suoi Clienti che desiderano commercializzare e pubblicizzare i loro prodotti e servizi e i Consumatori che desiderano acquistarli.<br>Di conseguenza, 2BEVENTS \u00e8 vincolata solo da un obbligo di mezzi nei confronti degli Utenti e non sar\u00e0 in nessun caso responsabile dell'incompatibilit\u00e0 del Servizio con le esigenze e i desideri degli Utenti una volta che questi ultimi abbiano potuto conoscere sul Sito Web tutte le funzionalit\u00e0 e le caratteristiche del Servizio, Allo stesso modo, 2BEVENTS non sar\u00e0 responsabile del mancato raggiungimento da parte degli Utenti dei loro obiettivi di marketing nel caso dei Clienti, o dei loro obiettivi di soddisfazione nel caso dei Consumatori, n\u00e9 della qualit\u00e0, dell'affidabilit\u00e0, della solvibilit\u00e0 degli Utenti, delle loro relazioni o di eventuali reclami che potrebbero sorgere tra di loro.<br>Allo stesso modo, il Servizio e il Sito, che riuniscono i vari Utenti e permettono loro di effettuare scambi e assumere impegni, non costituiscono un quadro giuridico che possa di per s\u00e9 sostituire i documenti o gli impegni contrattuali tra gli Utenti, in particolare in caso di disaccordo o conflitto. Il cliente dell'Utente che commercializza prodotti o servizi deve mettere a disposizione dei consumatori dell'Utente i documenti legali necessari per il completamento delle transazioni, in particolare le condizioni generali di vendita.<\/p>\n\n\n\n<h2 class=\"wp-block-heading\">5.CONTO UTENTE<\/h2>\n\n\n\n<p>Ogni Utente che desidera accedere al Servizio e al Sito deve creare un account Utente, indicando il proprio cognome, nome, numero di telefono, indirizzo e-mail e coordinate bancarie se desidera diventare un Consumatore. Tali dati saranno protetti secondo quanto previsto dal successivo articolo 8.<br>Al momento della creazione di un account presso il FORNITORE, l'Utente ricever\u00e0 un login strettamente personale, che si impegna a mantenere riservato e che non potr\u00e0 essere trasferito. L'Utente \u00e8 l'unico autorizzato a utilizzare il Servizio corrispondente e il Sito Web, in particolare l'area a lui dedicata, offerta da 2BEVENTS.<br>L'Utente si impegna a non utilizzare un login che violi i diritti di terzi. L'Utente non adotter\u00e0, ad esempio, un login che violi un diritto di propriet\u00e0 intellettuale, un marchio registrato, una ragione sociale o qualsiasi dato che sia direttamente o indirettamente nominativo.<\/p>\n\n\n\n<h2 class=\"wp-block-heading\">6.SCAMBI E DOWNLOAD<\/h2>\n\n\n\n<p>Gli utenti possono scambiare opinioni, commenti e inviare suggerimenti, domande o qualsiasi altra informazione, nonch\u00e9 caricare informazioni, foto, immagini e progetti, purch\u00e9 questi contenuti non siano illegali, osceni, abusivi, minacciosi, diffamatori, calunniosi, fuorvianti, violi i diritti di propriet\u00e0 intellettuale di terzi, o sia pregiudizievole per terzi o riprovevole e non consista o contenga virus informatici, militanza politica, sollecitazioni commerciali, catene di Sant'Antonio, mailing di massa o qualsiasi altra forma di \"spam\".<br>2BEVENTS si riserva il diritto di ritirare qualsiasi comunicazione contraria a questi principi, nonch\u00e9 il diritto di ritenere l'Utente responsabile civilmente e\/o penalmente.<br>In caso di azione legale da parte di un terzo che sostenga che i documenti utilizzati da uno degli Utenti violino un brevetto o qualsiasi altro diritto di propriet\u00e0 industriale o intellettuale, l'Utente che ha fornito l'apparecchiatura o i documenti contestati sar\u00e0 l'unico responsabile della difesa e della risoluzione della controversia e delle sue conseguenze finanziarie.<\/p>\n\n\n\n<h2 class=\"wp-block-heading\">7. RESPONSABILIT\u00c0<\/h2>\n\n\n\n<p>2BEVENTS si sforza di fornire un Servizio di qualit\u00e0 attraverso il suo programma e il suo Sito, ma non pu\u00f2 verificare o garantire l'accuratezza, la precisione o l'esaustivit\u00e0 delle informazioni scambiate tra gli Utenti nell'ambito delle loro transazioni relative a prodotti e\/o servizi. 2BEVENTS non pu\u00f2 essere ritenuta responsabile di eventuali errori, informazioni imprecise, fuorvianti o erronee, o di eventuali mancanze di informazioni.<br>Ogni Utente rimane sempre responsabile dell'accuratezza, della completezza e della correttezza delle informazioni che lo riguardano visualizzate tramite il Servizio. Il Servizio non costituisce e non deve essere considerato come una forma di raccomandazione o approvazione della qualit\u00e0, delle competenze, del livello di servizio o della posizione in classifica, o anche della solvibilit\u00e0 di ciascun Utente.<br>Allo stesso modo, 2BEVENTS non potr\u00e0 essere ritenuta responsabile di eventuali interruzioni del Servizio (a causa di un guasto tecnico, temporaneo e\/o parziale, di un guasto, di una riparazione, di un aggiornamento, di un miglioramento o di una manutenzione del suo Sito Internet o del suo Software). L'Utente deve informare 2BEVENTS di qualsiasi malfunzionamento del Servizio il pi\u00f9 presto possibile.<br>2BEVENTS far\u00e0 del suo meglio per garantire che il Servizio sia accessibile agli Utenti in ogni momento. 2BEVENTS non pu\u00f2 essere ritenuta responsabile in caso di indisponibilit\u00e0 del Servizio, per qualsiasi motivo. Un'interruzione per manutenzione tecnica o aggiornamento pu\u00f2 tuttavia essere decisa da 2BEVENTS, che cercher\u00e0 di informare in anticipo gli Utenti sulle date e gli orari dell'intervento e sulla sua durata.<br>2BEVENTS non pu\u00f2 essere ritenuta responsabile dei danni materiali legati all'utilizzo del Servizio, come ad esempio la perdita di dati o il loro hacking, o l'introduzione di un virus. Inoltre, l'Utente si impegna ad accedere al Servizio utilizzando apparecchiature recenti, prive di virus e con un browser aggiornato.<br>Nel caso in cui il FORNITORE sia ritenuto responsabile in relazione all'utilizzo del Servizio, l'Utente Cliente potr\u00e0 richiedere al FORNITORE solo il risarcimento dei danni fino al limite previsto dall'articolo 8 delle Condizioni Generali di Abbonamento. Nel caso di Utenti Consumatori, l'eventuale responsabilit\u00e0 del FORNITORE sar\u00e0 limitata al prezzo del prodotto o del servizio che il Consumatore non ha potuto consumare a causa di un difetto del Servizio, o alla sostituzione dello stesso prodotto o servizio, a discrezione del FORNITORE. La responsabilit\u00e0 totale del FORNITORE non potr\u00e0 in alcun caso superare il danno materiale diretto causato agli Utenti a seguito di difetti comprovati attribuibili al FORNITORE. In nessun caso 2BEVENTS sar\u00e0 tenuto a risarcire danni immateriali conseguenti o non conseguenti quali, in particolare, perdite di esercizio, perdite di produzione, mancato guadagno, mancato profitto, perdita di contratto, perdita di immagine, perdita di opportunit\u00e0, pregiudizio commerciale, costi aggiuntivi vari, immobilizzazione del personale o delle attrezzature, nonch\u00e9 qualsiasi danno indiretto. Gli Utenti e i loro assicuratori, per i quali sono responsabili, dichiarano di rinunciare a qualsiasi rivalsa nei confronti di 2BEVENTS e dei suoi assicuratori al di l\u00e0 dei limiti e delle esclusioni di cui sopra.<br>L'adempimento degli obblighi del FORNITORE ai sensi delle presenti Condizioni d'uso sar\u00e0 temporaneamente o permanentemente sospeso dal verificarsi di un evento che costituisca una causa di forza maggiore nel senso usuale del termine, inclusi, ma non limitati a, catastrofi naturali, atti di autorit\u00e0 pubblica, embarghi, scioperi, condizioni meteorologiche eccezionali che impediscono la consegna, insurrezioni, sommosse, ecc. Il fatto che 2BEVENTS non sia pi\u00f9 in grado di far funzionare il Sito Web per motivi tecnici o di diritti di propriet\u00e0 costituir\u00e0 anche un caso di forza maggiore che giustificher\u00e0 la cessazione del Servizio senza responsabilit\u00e0 da parte del FORNITORE. Il fatto che 2BEVENTS non sia pi\u00f9 in grado di gestire il Sito Web per motivi tecnici o di diritti di propriet\u00e0 costituir\u00e0 anche un caso di forza maggiore che giustificher\u00e0 la cessazione del Servizio senza responsabilit\u00e0 da parte del FORNITORE.<\/p>\n\n\n\n<h2 class=\"wp-block-heading\">8. DATI PERSONALI<\/h2>\n\n\n\n<p>Ai sensi della legge 78-17 del 6 gennaio 1978 e del Regolamento UE 2016\/679 (RGPD), entrato in vigore il 25 maggio 2018, si ricorda agli Utenti che i dati personali loro richiesti sono necessari per creare il loro account utente sul Sito web, consentendo loro di accedere al Servizio. L'unico scopo della raccolta e del trattamento di questi dati \u00e8 l'elaborazione degli abbonamenti per gli Utenti Clienti e l'elaborazione delle prenotazioni e degli acquisti per gli Utenti Consumatori.<br>A tal fine, al momento della registrazione sul Sito Web, gli Utenti riceveranno un modulo di informazione e consenso che li informer\u00e0 dei loro diritti ai sensi della normativa sopra citata e consentir\u00e0 loro di garantire la protezione e la sicurezza dei loro dati personali, nonch\u00e9 di avere il nome di una persona di contatto, responsabile del trattamento, all'interno della societ\u00e0 del FORNITORE. L'informativa e il modulo di consenso saranno messi a disposizione degli Utenti per essere compilati online.<br>Tali dati potranno essere comunicati ai partner del FORNITORE incaricati dell'esecuzione, dell'elaborazione, della gestione e del pagamento degli ordini, i quali sono tenuti all'obbligo di riservatezza. In conformit\u00e0 alla normativa nazionale ed europea vigente, l'Utente ha un diritto permanente di accesso, modifica, rettifica e opposizione alle informazioni che lo riguardano.<br>Ogni Utente-Cliente che raccolga dati nominativi di Utenti-Consumatori, nell'ambito della commercializzazione dei propri prodotti e\/o servizi tramite il Servizio e il Sito Internet, per poterli utilizzare in qualsiasi modo, dovr\u00e0 rispettare le disposizioni di legge sopra riportate e dovr\u00e0 procedere alle formalit\u00e0 richieste in termini di informativa e consenso; tale obbligo \u00e8 a carico esclusivo dell'Utente-Cliente, 2BEVENTS non \u00e8 tenuta ad effettuare alcuna verifica e non avr\u00e0 alcuna responsabilit\u00e0.<\/p>\n\n\n\n<h2 class=\"wp-block-heading\">9.RISERVATEZZA<\/h2>\n\n\n\n<p>2BEVENTS ha un obbligo di riservatezza nei confronti degli Utenti per quanto riguarda tutti i dati e le informazioni di qualsiasi natura che essi depositano tramite il Servizio sul Sito web. Garantir\u00e0 la sicurezza di tali dati e informazioni, per quanto tecnicamente possibile, in modo che non possano essere accessibili a terzi che non siano Utenti.<br>2BEVENTS non sar\u00e0 responsabile nel caso in cui l'obbligo di riservatezza non venga rispettato da uno degli Utenti, spetta a questi ultimi stabilire tra loro clausole di riservatezza adeguate e adottare misure sufficienti per non permettere a terzi non autorizzati di accedere a informazioni e dati riservati. Si ricorda inoltre che i codici di accesso e le autorizzazioni comunicati agli Utenti da 2BEVENTS sono personali e riservati e non possono essere trasferiti o distribuiti.<br>Questo obbligo di riservatezza si estende anche alle informazioni riservate a cui l'Utente pu\u00f2 aver avuto accesso per errore.<\/p>\n\n\n\n<h2 class=\"wp-block-heading\">10.DETTAGLI DEL FORNITORE<\/h2>\n\n\n\n<p>Nome della societ\u00e0: 2BEVENTS SAS<br>Capitale sociale: 161.512 euro<br>Sede legale: 528 rue des Pr\u00e9s Parigi, 74970 MARIGNIER<br>Numero RCS: RCS di ANNECY con il numero 819 547 324<br>Numero di identificazione IVA: FR56819547324<br>Indirizzo e-mail: contact@obypay.com o contact@letiekar.com<\/p>\n\n\n\n<h2 class=\"wp-block-heading\">11.PROPRIET\u00c0 INTELLETTUALE<\/h2>\n\n\n\n<p>2BEVENTS manterr\u00e0 la piena e completa propriet\u00e0 delle descrizioni, dei piani, dei disegni, delle foto, della carta grafica, del codice colore e di altri documenti o segni distintivi che appaiono sul suo Sito Internet, nonch\u00e9 dei metodi e del Servizio messi a disposizione degli Utenti che sono di sua propriet\u00e0.<br>\u00c8 vietata la riproduzione, la rappresentazione, la modifica, la pubblicazione o l'adattamento di tutti o parte degli elementi di cui sopra, con qualsiasi mezzo o procedimento, senza la previa autorizzazione scritta del FORNITORE. In caso contrario, tali azioni saranno considerate come contraffazioni e saranno perseguite in conformit\u00e0 alle disposizioni degli articoli L.335-2 e seguenti del Codice della Propriet\u00e0 Intellettuale francese.<br>2BEVENTS concede agli Utenti il diritto personale e non esclusivo di utilizzare il Servizio per le proprie esigenze.<br>2BEVENTS non concede agli Utenti il diritto di riprodurre e rappresentare nella sua interezza, n\u00e9 il diritto di adattare, migliorare, tradurre, commercializzare, affittare o sfruttare in qualsiasi modo se non per uso personale. Ogni Utente si impegna a utilizzare il Servizio e il Sito web esclusivamente per le proprie esigenze.<br>L'utilizzo del Servizio \u00e8 limitato alla durata dell'abbonamento al Servizio. 2BEVENTS assister\u00e0 l'Utente in caso di anomalie, incidenti, errori o malfunzionamenti in relazione alle specifiche, a meno che tale incidente non sia imputabile al Servizio o al Sito web. L'Utente si impegna a fornire al FORNITORE qualsiasi informazione relativa all'utilizzo del Servizio e, in particolare, all'ambiente informatico in relazione all'utilizzo del Servizio.<br>Gli Utenti si asterranno, a qualsiasi titolo, per conto proprio o di terzi, dal divulgare qualsiasi informazione relativa alle caratteristiche e alle specificit\u00e0 del Servizio che sia considerata riservata.<br>2BEVENTS garantisce agli Utenti una fruizione pacifica del Servizio che non viola in alcun modo i diritti di terzi.<br>L'abbonamento al Servizio \u00e8 strettamente personale per gli Utenti del Cliente e non pu\u00f2 essere ceduto da questi ultimi a nessuna persona o societ\u00e0, in tutto o in parte, direttamente o indirettamente, e in qualsiasi modo, in particolare mediante fusione, conferimento o gestione gratuita, senza il preventivo consenso scritto del FORNITORE.<\/p>\n\n\n\n<h2 class=\"wp-block-heading\">12. DISPOSIZIONI GENERALI<\/h2>\n\n\n\n<p>10.1 2BEVENTS ha la possibilit\u00e0 di modificare in qualsiasi momento le presenti condizioni generali in funzione dell'evoluzione del suo Sito e della sua offerta di Servizio. Occasionalmente, 2BEVENTS pu\u00f2 interrompere il Servizio per motivi operativi, di manutenzione o in caso di emergenza, senza che ci\u00f2 comporti danni di alcun tipo.<br>10.2. Gli Utenti si collegano al Sito Web ed entrano in contatto sia tramite il proprio terminale di telecomunicazione o smartphone, sia tramite il supporto messo a disposizione da 2BEVENTS agli Utenti clienti. 10.3. La nullit\u00e0 di una o pi\u00f9 clausole delle presenti condizioni generali non comporter\u00e0 la nullit\u00e0 delle altre clausole.<\/p>\n\n\n\n<h2 class=\"wp-block-heading\">13.TRADUZIONE - LINGUA DEL CONTRATTO<\/h2>\n\n\n\n<p>Nel caso in cui i presenti Termini e condizioni siano redatti in pi\u00f9 lingue, \u00e8 espressamente inteso che la versione francese sar\u00e0 l'unica autorevole, in particolare in caso di difficolt\u00e0 di interpretazione e\/o applicazione delle disposizioni di tali Termini e condizioni. La lingua applicabile alle CGU \u00e8 il francese.<\/p>\n\n\n\n<h2 class=\"wp-block-heading\">14.GIURISDIZIONE - LEGGE APPLICABILE<\/h2>\n\n\n\n<p>Qualsiasi controversia relativa alla formazione, all'interpretazione o all'esecuzione degli obblighi contrattuali stabiliti nelle CGU, che non possa essere risolta in via amichevole, sar\u00e0 sottoposta alla giurisdizione competente dei tribunali di LIONE. La presente clausola si applica esclusivamente agli Utenti che sono Clienti Professionali e non si applica agli Utenti che sono persone fisiche, in particolare consumatori come definiti dalla legge e in conformit\u00e0 alla legge HAMON.<br>Gli utenti che agiscono in qualit\u00e0 di persone fisiche o consumatori sono informati che possono in ogni caso ricorrere alla mediazione convenzionale, in particolare presso la Commission de la m\u00e9diation de la consommation (C. cons. art. L 612-1) o presso gli organismi di mediazione settoriali esistenti, i cui riferimenti appaiono su Internet, o a qualsiasi metodo alternativo di risoluzione delle controversie (ad esempio la conciliazione) in caso di controversia.<br>La legge applicabile alle presenti CGU \u00e8 quella francese, indipendentemente dal luogo di domicilio dell'Utente.<\/p>","protected":false},"excerpt":{"rendered":"<p>1.APPLICABILIT\u00c0 DELLE CGU Le presenti Condizioni Generali d'Uso si applicano a qualsiasi persona fisica o giuridica che acceda al sito Internet 2BEVENTS, acceda ai suoi servizi come definiti di seguito, completano le Condizioni Generali di Abbonamento che appaiono sul sito e hanno valore contrattuale nei confronti di ogni Utente, e questo indipendentemente dal luogo [...].<\/p>","protected":false},"author":1,"featured_media":0,"parent":0,"menu_order":0,"comment_status":"closed","ping_status":"closed","template":"template-legal.php","meta":{"_acf_changed":false,"content-type":"","rank_math_lock_modified_date":false,"footnotes":""},"class_list":["post-1674","page","type-page","status-publish","hentry"],"acf":[],"_links":{"self":[{"href":"https:\/\/obypay.com\/it\/wp-json\/wp\/v2\/pages\/1674","targetHints":{"allow":["GET"]}}],"collection":[{"href":"https:\/\/obypay.com\/it\/wp-json\/wp\/v2\/pages"}],"about":[{"href":"https:\/\/obypay.com\/it\/wp-json\/wp\/v2\/types\/page"}],"author":[{"embeddable":true,"href":"https:\/\/obypay.com\/it\/wp-json\/wp\/v2\/users\/1"}],"replies":[{"embeddable":true,"href":"https:\/\/obypay.com\/it\/wp-json\/wp\/v2\/comments?post=1674"}],"version-history":[{"count":0,"href":"https:\/\/obypay.com\/it\/wp-json\/wp\/v2\/pages\/1674\/revisions"}],"wp:attachment":[{"href":"https:\/\/obypay.com\/it\/wp-json\/wp\/v2\/media?parent=1674"}],"curies":[{"name":"wp","href":"https:\/\/api.w.org\/{rel}","templated":true}]}}